{"id":28,"date":"2021-08-14T09:58:05","date_gmt":"2021-08-14T09:58:05","guid":{"rendered":"https:\/\/xstore.8theme.com\/elementor\/demos\/sneakers\/?page_id=28"},"modified":"2026-03-12T15:15:58","modified_gmt":"2026-03-12T15:15:58","slug":"about-us","status":"publish","type":"page","link":"https:\/\/www.helmakabira.com\/?page_id=28","title":{"rendered":"About us"},"content":{"rendered":"\t\t<div data-elementor-type=\"wp-page\" data-elementor-id=\"28\" class=\"elementor elementor-28\" data-elementor-post-type=\"page\">\n\t\t\t\t\t\t<section class=\"elementor-section elementor-top-section elementor-element elementor-element-d13fbcd elementor-section-boxed elementor-section-height-default elementor-section-height-default\" data-id=\"d13fbcd\" data-element_type=\"section\" data-e-type=\"section\" data-settings=\"{&quot;background_background&quot;:&quot;classic&quot;}\">\n\t\t\t\t\t\t<div class=\"elementor-container elementor-column-gap-no\">\n\t\t\t\t\t<div class=\"elementor-column elementor-col-100 elementor-top-column elementor-element elementor-element-691355f\" data-id=\"691355f\" data-element_type=\"column\" data-e-type=\"column\">\n\t\t\t<div class=\"elementor-widget-wrap elementor-element-populated\">\n\t\t\t\t\t\t<div class=\"elementor-element elementor-element-5ecd315 elementor-widget elementor-widget-spacer\" data-id=\"5ecd315\" data-element_type=\"widget\" data-e-type=\"widget\" data-widget_type=\"spacer.default\">\n\t\t\t\t\t\t\t<div class=\"elementor-spacer\">\n\t\t\t<div class=\"elementor-spacer-inner\"><\/div>\n\t\t<\/div>\n\t\t\t\t\t\t<\/div>\n\t\t\t\t\t<\/div>\n\t\t<\/div>\n\t\t\t\t\t<\/div>\n\t\t<\/section>\n\t\t\t\t<section class=\"elementor-section elementor-top-section elementor-element elementor-element-481a78a elementor-section-content-middle elementor-section-boxed elementor-section-height-default elementor-section-height-default\" data-id=\"481a78a\" data-element_type=\"section\" data-e-type=\"section\" data-settings=\"{&quot;background_background&quot;:&quot;classic&quot;}\">\n\t\t\t\t\t\t\t<div class=\"elementor-background-overlay\"><\/div>\n\t\t\t\t\t\t\t<div class=\"elementor-container elementor-column-gap-no\">\n\t\t\t\t\t<div class=\"elementor-column elementor-col-33 elementor-top-column elementor-element elementor-element-2a00ff8\" data-id=\"2a00ff8\" data-element_type=\"column\" data-e-type=\"column\" data-settings=\"{&quot;background_background&quot;:&quot;classic&quot;}\">\n\t\t\t<div class=\"elementor-widget-wrap elementor-element-populated\">\n\t\t\t\t\t\t<div class=\"elementor-element elementor-element-6a3c8b9 elementor-widget elementor-widget-image\" data-id=\"6a3c8b9\" data-element_type=\"widget\" data-e-type=\"widget\" data-widget_type=\"image.default\">\n\t\t\t\t\t\t\t\t\t\t\t\t\t\t\t<img loading=\"lazy\" loading=\"lazy\" decoding=\"async\" width=\"1538\" height=\"1538\" src=\"https:\/\/www.helmakabira.com\/wp-content\/uploads\/2026\/03\/logo-light-helma-kabira-1.png\" class=\"elementor-animation-shrink attachment-full size-full wp-image-1577\" alt=\"\" srcset=\"https:\/\/www.helmakabira.com\/wp-content\/uploads\/2026\/03\/logo-light-helma-kabira-1.png 1538w, https:\/\/www.helmakabira.com\/wp-content\/uploads\/2026\/03\/logo-light-helma-kabira-1-300x300.png 300w, https:\/\/www.helmakabira.com\/wp-content\/uploads\/2026\/03\/logo-light-helma-kabira-1-1024x1024.png 1024w, https:\/\/www.helmakabira.com\/wp-content\/uploads\/2026\/03\/logo-light-helma-kabira-1-150x150.png 150w, https:\/\/www.helmakabira.com\/wp-content\/uploads\/2026\/03\/logo-light-helma-kabira-1-768x768.png 768w, https:\/\/www.helmakabira.com\/wp-content\/uploads\/2026\/03\/logo-light-helma-kabira-1-1536x1536.png 1536w, https:\/\/www.helmakabira.com\/wp-content\/uploads\/2026\/03\/logo-light-helma-kabira-1-600x600.png 600w, https:\/\/www.helmakabira.com\/wp-content\/uploads\/2026\/03\/logo-light-helma-kabira-1-100x100.png 100w, https:\/\/www.helmakabira.com\/wp-content\/uploads\/2026\/03\/logo-light-helma-kabira-1-1x1.png 1w, https:\/\/www.helmakabira.com\/wp-content\/uploads\/2026\/03\/logo-light-helma-kabira-1-10x10.png 10w\" sizes=\"auto, (max-width: 1538px) 100vw, 1538px\" \/>\t\t\t\t\t\t\t\t\t\t\t\t\t\t\t<\/div>\n\t\t\t\t\t<\/div>\n\t\t<\/div>\n\t\t\t\t<div class=\"elementor-column elementor-col-33 elementor-top-column elementor-element elementor-element-faae713\" data-id=\"faae713\" data-element_type=\"column\" data-e-type=\"column\">\n\t\t\t<div class=\"elementor-widget-wrap elementor-element-populated\">\n\t\t\t\t\t\t<div class=\"elementor-element elementor-element-ed2382c elementor-widget elementor-widget-text-editor\" data-id=\"ed2382c\" data-element_type=\"widget\" data-e-type=\"widget\" data-widget_type=\"text-editor.default\">\n\t\t\t\t\t\t\t\t\t<p data-start=\"212\" data-end=\"344\">\u00a0Est bien plus qu\u2019une marque de v\u00eatements.<br data-start=\"270\" data-end=\"273\" \/>C\u2019est une vision, une attitude et une mani\u00e8re d\u2019exprimer ses ambitions.<\/p><p data-start=\"346\" data-end=\"675\">N\u00e9e d\u2019une passion pour la culture urbaine et la mode contemporaine, <strong data-start=\"414\" data-end=\"430\">Helma Kabira<\/strong> propose des pi\u00e8ces streetwear con\u00e7ues pour celles et ceux qui veulent affirmer leur style avec confiance. Chaque collection est pens\u00e9e pour refl\u00e9ter une identit\u00e9 forte, inspir\u00e9e par la cr\u00e9ativit\u00e9, l\u2019\u00e9nergie de la rue et l\u2019esprit d\u2019ind\u00e9pendance.<\/p><p data-start=\"677\" data-end=\"827\">Le nom <strong data-start=\"684\" data-end=\"700\">Helma Kabira<\/strong>, qui signifie <em data-start=\"715\" data-end=\"729\">\u201cGrand r\u00eave\u201d<\/em>, incarne notre philosophie : croire en ses id\u00e9es, voir grand et transformer ses r\u00eaves en r\u00e9alit\u00e9.<\/p>\t\t\t\t\t\t\t\t<\/div>\n\t\t\t\t<div class=\"elementor-element elementor-element-f136343 elementor-vertical-align-top elementor-widget elementor-widget-image-box\" data-id=\"f136343\" data-element_type=\"widget\" data-e-type=\"widget\" data-widget_type=\"image-box.default\">\n\t\t\t\t\t<div class=\"elementor-image-box-wrapper\"><div class=\"elementor-image-box-content\"><h3 class=\"elementor-image-box-title\">Notre mission<\/h3><p class=\"elementor-image-box-description\">Notre mission est simple :\nCr\u00e9er des v\u00eatements modernes, authentiques et accessibles qui permettent \u00e0 chacun d\u2019exprimer sa personnalit\u00e9.\n\nNous voulons b\u00e2tir une marque qui rassemble une communaut\u00e9 autour de valeurs fortes :\n\nCr\u00e9ativit\u00e9\n\nAuthenticit\u00e9\n\nAmbition\n\nExpression personnelle<\/p><\/div><\/div>\t\t\t\t<\/div>\n\t\t\t\t\t<\/div>\n\t\t<\/div>\n\t\t\t\t<div class=\"elementor-column elementor-col-33 elementor-top-column elementor-element elementor-element-5474d30\" data-id=\"5474d30\" data-element_type=\"column\" data-e-type=\"column\">\n\t\t\t<div class=\"elementor-widget-wrap elementor-element-populated\">\n\t\t\t\t\t\t<div class=\"elementor-element elementor-element-2f30537 elementor-vertical-align-top elementor-widget elementor-widget-image-box\" data-id=\"2f30537\" data-element_type=\"widget\" data-e-type=\"widget\" data-widget_type=\"image-box.default\">\n\t\t\t\t\t<div class=\"elementor-image-box-wrapper\"><div class=\"elementor-image-box-content\"><h3 class=\"elementor-image-box-title\">Notre vision<\/h3><p class=\"elementor-image-box-description\">Nous souhaitons faire de Helma Kabira une marque reconnue dans la mode streetwear, port\u00e9e par une communaut\u00e9 qui partage le m\u00eame \u00e9tat d\u2019esprit : penser grand, rester authentique et avancer avec confiance.<\/p><\/div><\/div>\t\t\t\t<\/div>\n\t\t\t\t<div class=\"elementor-element elementor-element-16af219 elementor-vertical-align-top elementor-widget elementor-widget-image-box\" data-id=\"16af219\" data-element_type=\"widget\" data-e-type=\"widget\" data-widget_type=\"image-box.default\">\n\t\t\t\t\t<div class=\"elementor-image-box-wrapper\"><div class=\"elementor-image-box-content\"><h3 class=\"elementor-image-box-title\">Notre style<\/h3><p class=\"elementor-image-box-description\">Nos collections s\u2019inspirent de l\u2019univers streetwear, combinant confort, minimalisme et identit\u00e9 visuelle forte.\n\nSweats, hoodies et pi\u00e8ces casual sont pens\u00e9s pour s\u2019adapter au quotidien tout en gardant un style unique.<\/p><\/div><\/div>\t\t\t\t<\/div>\n\t\t\t\t<div class=\"elementor-element elementor-element-f63d241 elementor-vertical-align-top elementor-widget elementor-widget-image-box\" data-id=\"f63d241\" data-element_type=\"widget\" data-e-type=\"widget\" data-widget_type=\"image-box.default\">\n\t\t\t\t\t<div class=\"elementor-image-box-wrapper\"><div class=\"elementor-image-box-content\"><h3 class=\"elementor-image-box-title\">Wear the Vision with<\/h3><\/div><\/div>\t\t\t\t<\/div>\n\t\t\t\t<div class=\"elementor-element elementor-element-ef70ee5 elementor-widget elementor-widget-image\" data-id=\"ef70ee5\" data-element_type=\"widget\" data-e-type=\"widget\" data-widget_type=\"image.default\">\n\t\t\t\t\t\t\t\t\t\t\t\t\t\t\t<img loading=\"lazy\" loading=\"lazy\" decoding=\"async\" width=\"1640\" height=\"856\" src=\"https:\/\/www.helmakabira.com\/wp-content\/uploads\/2026\/03\/helma.png\" class=\"elementor-animation-shrink attachment-full size-full wp-image-1570\" alt=\"\" srcset=\"https:\/\/www.helmakabira.com\/wp-content\/uploads\/2026\/03\/helma.png 1640w, https:\/\/www.helmakabira.com\/wp-content\/uploads\/2026\/03\/helma-300x157.png 300w, https:\/\/www.helmakabira.com\/wp-content\/uploads\/2026\/03\/helma-1024x534.png 1024w, https:\/\/www.helmakabira.com\/wp-content\/uploads\/2026\/03\/helma-768x401.png 768w, https:\/\/www.helmakabira.com\/wp-content\/uploads\/2026\/03\/helma-1536x802.png 1536w, https:\/\/www.helmakabira.com\/wp-content\/uploads\/2026\/03\/helma-600x313.png 600w, https:\/\/www.helmakabira.com\/wp-content\/uploads\/2026\/03\/helma-1x1.png 1w, https:\/\/www.helmakabira.com\/wp-content\/uploads\/2026\/03\/helma-10x5.png 10w\" sizes=\"auto, (max-width: 1640px) 100vw, 1640px\" \/>\t\t\t\t\t\t\t\t\t\t\t\t\t\t\t<\/div>\n\t\t\t\t\t<\/div>\n\t\t<\/div>\n\t\t\t\t\t<\/div>\n\t\t<\/section>\n\t\t\t\t<section class=\"elementor-section elementor-top-section elementor-element elementor-element-48556b6 elementor-section-stretched custom-brands elementor-hidden-desktop elementor-hidden-tablet elementor-hidden-mobile elementor-section-boxed elementor-section-height-default elementor-section-height-default\" data-id=\"48556b6\" data-element_type=\"section\" data-e-type=\"section\" data-settings=\"{&quot;stretch_section&quot;:&quot;section-stretched&quot;,&quot;background_background&quot;:&quot;classic&quot;}\">\n\t\t\t\t\t\t<div class=\"elementor-container elementor-column-gap-no\">\n\t\t\t\t\t<div class=\"elementor-column elementor-col-16 elementor-top-column elementor-element elementor-element-24a556b\" data-id=\"24a556b\" data-element_type=\"column\" data-e-type=\"column\">\n\t\t\t<div class=\"elementor-widget-wrap elementor-element-populated\">\n\t\t\t\t\t\t<div class=\"elementor-element elementor-element-11eb691 elementor-widget elementor-widget-image\" data-id=\"11eb691\" data-element_type=\"widget\" data-e-type=\"widget\" data-widget_type=\"image.default\">\n\t\t\t\t\t\t\t\t\t\t\t\t\t\t\t\t<a href=\"#\">\n\t\t\t\t\t\t\t<img loading=\"lazy\" loading=\"lazy\" decoding=\"async\" width=\"210\" height=\"114\" src=\"https:\/\/www.helmakabira.com\/wp-content\/uploads\/2021\/08\/brand-02-1.jpg\" class=\"attachment-full size-full wp-image-644\" alt=\"\" \/>\t\t\t\t\t\t\t\t<\/a>\n\t\t\t\t\t\t\t\t\t\t\t\t\t\t\t<\/div>\n\t\t\t\t\t<\/div>\n\t\t<\/div>\n\t\t\t\t<div class=\"elementor-column elementor-col-16 elementor-top-column elementor-element elementor-element-5c70a6c\" data-id=\"5c70a6c\" data-element_type=\"column\" data-e-type=\"column\">\n\t\t\t<div class=\"elementor-widget-wrap elementor-element-populated\">\n\t\t\t\t\t\t<div class=\"elementor-element elementor-element-559bc2b elementor-widget elementor-widget-image\" data-id=\"559bc2b\" data-element_type=\"widget\" data-e-type=\"widget\" data-widget_type=\"image.default\">\n\t\t\t\t\t\t\t\t\t\t\t\t\t\t\t\t<a href=\"#\">\n\t\t\t\t\t\t\t<img loading=\"lazy\" loading=\"lazy\" decoding=\"async\" width=\"210\" height=\"114\" src=\"https:\/\/www.helmakabira.com\/wp-content\/uploads\/2021\/08\/brand-01-1.jpg\" class=\"attachment-full size-full wp-image-643\" alt=\"\" \/>\t\t\t\t\t\t\t\t<\/a>\n\t\t\t\t\t\t\t\t\t\t\t\t\t\t\t<\/div>\n\t\t\t\t\t<\/div>\n\t\t<\/div>\n\t\t\t\t<div class=\"elementor-column elementor-col-16 elementor-top-column elementor-element elementor-element-c28e56a\" data-id=\"c28e56a\" data-element_type=\"column\" data-e-type=\"column\">\n\t\t\t<div class=\"elementor-widget-wrap elementor-element-populated\">\n\t\t\t\t\t\t<div class=\"elementor-element elementor-element-0a63cb1 elementor-widget elementor-widget-image\" data-id=\"0a63cb1\" data-element_type=\"widget\" data-e-type=\"widget\" data-widget_type=\"image.default\">\n\t\t\t\t\t\t\t\t\t\t\t\t\t\t\t\t<a href=\"#\">\n\t\t\t\t\t\t\t<img loading=\"lazy\" loading=\"lazy\" decoding=\"async\" width=\"210\" height=\"114\" src=\"https:\/\/www.helmakabira.com\/wp-content\/uploads\/2021\/08\/brand-03-1.jpg\" class=\"attachment-full size-full wp-image-645\" alt=\"\" \/>\t\t\t\t\t\t\t\t<\/a>\n\t\t\t\t\t\t\t\t\t\t\t\t\t\t\t<\/div>\n\t\t\t\t\t<\/div>\n\t\t<\/div>\n\t\t\t\t<div class=\"elementor-column elementor-col-16 elementor-top-column elementor-element elementor-element-7a28c53\" data-id=\"7a28c53\" data-element_type=\"column\" data-e-type=\"column\">\n\t\t\t<div class=\"elementor-widget-wrap elementor-element-populated\">\n\t\t\t\t\t\t<div class=\"elementor-element elementor-element-ff34c6d elementor-widget elementor-widget-image\" data-id=\"ff34c6d\" data-element_type=\"widget\" data-e-type=\"widget\" data-widget_type=\"image.default\">\n\t\t\t\t\t\t\t\t\t\t\t\t\t\t\t\t<a href=\"#\">\n\t\t\t\t\t\t\t<img loading=\"lazy\" loading=\"lazy\" decoding=\"async\" width=\"210\" height=\"114\" src=\"https:\/\/www.helmakabira.com\/wp-content\/uploads\/2021\/08\/brand-04-1.jpg\" class=\"attachment-full size-full wp-image-646\" alt=\"\" \/>\t\t\t\t\t\t\t\t<\/a>\n\t\t\t\t\t\t\t\t\t\t\t\t\t\t\t<\/div>\n\t\t\t\t\t<\/div>\n\t\t<\/div>\n\t\t\t\t<div class=\"elementor-column elementor-col-16 elementor-top-column elementor-element elementor-element-7e4e6db\" data-id=\"7e4e6db\" data-element_type=\"column\" data-e-type=\"column\">\n\t\t\t<div class=\"elementor-widget-wrap elementor-element-populated\">\n\t\t\t\t\t\t<div class=\"elementor-element elementor-element-1dc1fcc elementor-widget elementor-widget-image\" data-id=\"1dc1fcc\" data-element_type=\"widget\" data-e-type=\"widget\" data-widget_type=\"image.default\">\n\t\t\t\t\t\t\t\t\t\t\t\t\t\t\t\t<a href=\"#\">\n\t\t\t\t\t\t\t<img loading=\"lazy\" loading=\"lazy\" decoding=\"async\" width=\"210\" height=\"114\" src=\"https:\/\/www.helmakabira.com\/wp-content\/uploads\/2021\/08\/brand-05-1.jpg\" class=\"attachment-full size-full wp-image-647\" alt=\"\" \/>\t\t\t\t\t\t\t\t<\/a>\n\t\t\t\t\t\t\t\t\t\t\t\t\t\t\t<\/div>\n\t\t\t\t\t<\/div>\n\t\t<\/div>\n\t\t\t\t<div class=\"elementor-column elementor-col-16 elementor-top-column elementor-element elementor-element-66cd53b\" data-id=\"66cd53b\" data-element_type=\"column\" data-e-type=\"column\">\n\t\t\t<div class=\"elementor-widget-wrap elementor-element-populated\">\n\t\t\t\t\t\t<div class=\"elementor-element elementor-element-9e37bd6 elementor-widget elementor-widget-image\" data-id=\"9e37bd6\" data-element_type=\"widget\" data-e-type=\"widget\" data-widget_type=\"image.default\">\n\t\t\t\t\t\t\t\t\t\t\t\t\t\t\t\t<a href=\"#\">\n\t\t\t\t\t\t\t<img loading=\"lazy\" loading=\"lazy\" decoding=\"async\" width=\"210\" height=\"114\" src=\"https:\/\/www.helmakabira.com\/wp-content\/uploads\/2021\/08\/brand-06-1.jpg\" class=\"attachment-full size-full wp-image-648\" alt=\"\" \/>\t\t\t\t\t\t\t\t<\/a>\n\t\t\t\t\t\t\t\t\t\t\t\t\t\t\t<\/div>\n\t\t\t\t\t<\/div>\n\t\t<\/div>\n\t\t\t\t\t<\/div>\n\t\t<\/section>\n\t\t\t\t<section class=\"elementor-section elementor-top-section elementor-element elementor-element-1557a85 elementor-section-stretched elementor-hidden-desktop elementor-hidden-tablet elementor-hidden-mobile elementor-section-boxed elementor-section-height-default elementor-section-height-default\" data-id=\"1557a85\" data-element_type=\"section\" data-e-type=\"section\" data-settings=\"{&quot;stretch_section&quot;:&quot;section-stretched&quot;,&quot;background_background&quot;:&quot;classic&quot;}\">\n\t\t\t\t\t\t<div class=\"elementor-container elementor-column-gap-no\">\n\t\t\t\t\t<div class=\"elementor-column elementor-col-100 elementor-top-column elementor-element elementor-element-cf72a11\" data-id=\"cf72a11\" data-element_type=\"column\" data-e-type=\"column\">\n\t\t\t<div class=\"elementor-widget-wrap elementor-element-populated\">\n\t\t\t\t\t\t<section class=\"elementor-section elementor-inner-section elementor-element elementor-element-8fbfded elementor-section-boxed elementor-section-height-default elementor-section-height-default\" data-id=\"8fbfded\" data-element_type=\"section\" data-e-type=\"section\">\n\t\t\t\t\t\t<div class=\"elementor-container elementor-column-gap-no\">\n\t\t\t\t\t<div class=\"elementor-column elementor-col-33 elementor-inner-column elementor-element elementor-element-4eb2564\" data-id=\"4eb2564\" data-element_type=\"column\" data-e-type=\"column\">\n\t\t\t<div class=\"elementor-widget-wrap\">\n\t\t\t\t\t\t\t<\/div>\n\t\t<\/div>\n\t\t\t\t<div class=\"elementor-column elementor-col-33 elementor-inner-column elementor-element elementor-element-bc7ff2f\" data-id=\"bc7ff2f\" data-element_type=\"column\" data-e-type=\"column\">\n\t\t\t<div class=\"elementor-widget-wrap\">\n\t\t\t\t\t\t\t<\/div>\n\t\t<\/div>\n\t\t\t\t<div class=\"elementor-column elementor-col-33 elementor-inner-column elementor-element elementor-element-7894a44\" data-id=\"7894a44\" data-element_type=\"column\" data-e-type=\"column\">\n\t\t\t<div class=\"elementor-widget-wrap\">\n\t\t\t\t\t\t\t<\/div>\n\t\t<\/div>\n\t\t\t\t\t<\/div>\n\t\t<\/section>\n\t\t\t\t<div class=\"elementor-element elementor-element-e6ee2e5 elementor-widget elementor-widget-heading\" data-id=\"e6ee2e5\" data-element_type=\"widget\" data-e-type=\"widget\" data-widget_type=\"heading.default\">\n\t\t\t\t\t<h2 class=\"elementor-heading-title elementor-size-default\">workout shoes<\/h2>\t\t\t\t<\/div>\n\t\t\t\t\t<\/div>\n\t\t<\/div>\n\t\t\t\t\t<\/div>\n\t\t<\/section>\n\t\t\t\t<section class=\"elementor-section elementor-top-section elementor-element elementor-element-80f50c7 elementor-hidden-desktop elementor-hidden-tablet elementor-hidden-mobile elementor-section-boxed elementor-section-height-default elementor-section-height-default\" data-id=\"80f50c7\" data-element_type=\"section\" data-e-type=\"section\">\n\t\t\t\t\t\t<div class=\"elementor-container elementor-column-gap-no\">\n\t\t\t\t\t<div class=\"elementor-column elementor-col-100 elementor-top-column elementor-element elementor-element-67da966\" data-id=\"67da966\" data-element_type=\"column\" data-e-type=\"column\">\n\t\t\t<div class=\"elementor-widget-wrap elementor-element-populated\">\n\t\t\t\t\t\t<div class=\"elementor-element elementor-element-395a868 elementor-widget elementor-widget-heading\" data-id=\"395a868\" data-element_type=\"widget\" data-e-type=\"widget\" data-widget_type=\"heading.default\">\n\t\t\t\t\t<h2 class=\"elementor-heading-title elementor-size-default\">Our Team<\/h2>\t\t\t\t<\/div>\n\t\t\t\t<section class=\"elementor-section elementor-inner-section elementor-element elementor-element-07184bd elementor-section-boxed elementor-section-height-default elementor-section-height-default\" data-id=\"07184bd\" data-element_type=\"section\" data-e-type=\"section\">\n\t\t\t\t\t\t<div class=\"elementor-container elementor-column-gap-no\">\n\t\t\t\t\t<div class=\"elementor-column elementor-col-33 elementor-inner-column elementor-element elementor-element-1027c25\" data-id=\"1027c25\" data-element_type=\"column\" data-e-type=\"column\">\n\t\t\t<div class=\"elementor-widget-wrap elementor-element-populated\">\n\t\t\t\t\t\t<div class=\"elementor-element elementor-element-5d496c4 elementor-widget elementor-widget-image\" data-id=\"5d496c4\" data-element_type=\"widget\" data-e-type=\"widget\" data-widget_type=\"image.default\">\n\t\t\t\t\t\t\t\t\t\t\t\t\t\t\t<img loading=\"lazy\" loading=\"lazy\" decoding=\"async\" width=\"450\" height=\"450\" src=\"https:\/\/www.helmakabira.com\/wp-content\/uploads\/2021\/08\/Image-8.jpg\" class=\"elementor-animation-shrink attachment-full size-full wp-image-55\" alt=\"\" srcset=\"https:\/\/www.helmakabira.com\/wp-content\/uploads\/2021\/08\/Image-8.jpg 450w, https:\/\/www.helmakabira.com\/wp-content\/uploads\/2021\/08\/Image-8-300x300.jpg 300w, https:\/\/www.helmakabira.com\/wp-content\/uploads\/2021\/08\/Image-8-100x100.jpg 100w\" sizes=\"auto, (max-width: 450px) 100vw, 450px\" \/>\t\t\t\t\t\t\t\t\t\t\t\t\t\t\t<\/div>\n\t\t\t\t<div class=\"elementor-element elementor-element-a637e1f elementor-widget elementor-widget-heading\" data-id=\"a637e1f\" data-element_type=\"widget\" data-e-type=\"widget\" data-widget_type=\"heading.default\">\n\t\t\t\t\t<h2 class=\"elementor-heading-title elementor-size-default\">VINCENT RUSSELL<\/h2>\t\t\t\t<\/div>\n\t\t\t\t<div class=\"elementor-element elementor-element-985fcc8 elementor-widget elementor-widget-text-editor\" data-id=\"985fcc8\" data-element_type=\"widget\" data-e-type=\"widget\" data-widget_type=\"text-editor.default\">\n\t\t\t\t\t\t\t\t\tQuam felis ultricies nec, pellentesque eu, pretium quis\nsem. Nulla tellus consequat et sit amet nibhassa quipeni\nin justo, fringilla velaliquet nec et eget.\t\t\t\t\t\t\t\t<\/div>\n\t\t\t\t\t<\/div>\n\t\t<\/div>\n\t\t\t\t<div class=\"elementor-column elementor-col-33 elementor-inner-column elementor-element elementor-element-c8061bb\" data-id=\"c8061bb\" data-element_type=\"column\" data-e-type=\"column\">\n\t\t\t<div class=\"elementor-widget-wrap elementor-element-populated\">\n\t\t\t\t\t\t<div class=\"elementor-element elementor-element-345393b elementor-widget elementor-widget-image\" data-id=\"345393b\" data-element_type=\"widget\" data-e-type=\"widget\" data-widget_type=\"image.default\">\n\t\t\t\t\t\t\t\t\t\t\t\t\t\t\t<img loading=\"lazy\" loading=\"lazy\" decoding=\"async\" width=\"450\" height=\"450\" src=\"https:\/\/www.helmakabira.com\/wp-content\/uploads\/2021\/08\/Image-1-3.jpg\" class=\"elementor-animation-shrink attachment-full size-full wp-image-52\" alt=\"\" srcset=\"https:\/\/www.helmakabira.com\/wp-content\/uploads\/2021\/08\/Image-1-3.jpg 450w, https:\/\/www.helmakabira.com\/wp-content\/uploads\/2021\/08\/Image-1-3-300x300.jpg 300w, https:\/\/www.helmakabira.com\/wp-content\/uploads\/2021\/08\/Image-1-3-100x100.jpg 100w\" sizes=\"auto, (max-width: 450px) 100vw, 450px\" \/>\t\t\t\t\t\t\t\t\t\t\t\t\t\t\t<\/div>\n\t\t\t\t<div class=\"elementor-element elementor-element-1640a60 elementor-widget elementor-widget-heading\" data-id=\"1640a60\" data-element_type=\"widget\" data-e-type=\"widget\" data-widget_type=\"heading.default\">\n\t\t\t\t\t<h2 class=\"elementor-heading-title elementor-size-default\">TERESA WAGNER<\/h2>\t\t\t\t<\/div>\n\t\t\t\t<div class=\"elementor-element elementor-element-e58c7aa elementor-widget elementor-widget-text-editor\" data-id=\"e58c7aa\" data-element_type=\"widget\" data-e-type=\"widget\" data-widget_type=\"text-editor.default\">\n\t\t\t\t\t\t\t\t\tAenean imperdiet est, etiam ultricies nisi vel augue\nabitur ullamcorper ultricies nisi. Nam eget etiam rhoncus.\nquam maecenas tellus eget condimentum.\t\t\t\t\t\t\t\t<\/div>\n\t\t\t\t\t<\/div>\n\t\t<\/div>\n\t\t\t\t<div class=\"elementor-column elementor-col-33 elementor-inner-column elementor-element elementor-element-27f4e04\" data-id=\"27f4e04\" data-element_type=\"column\" data-e-type=\"column\">\n\t\t\t<div class=\"elementor-widget-wrap elementor-element-populated\">\n\t\t\t\t\t\t<div class=\"elementor-element elementor-element-285613a elementor-widget elementor-widget-image\" data-id=\"285613a\" data-element_type=\"widget\" data-e-type=\"widget\" data-widget_type=\"image.default\">\n\t\t\t\t\t\t\t\t\t\t\t\t\t\t\t<img loading=\"lazy\" loading=\"lazy\" decoding=\"async\" width=\"450\" height=\"450\" src=\"https:\/\/www.helmakabira.com\/wp-content\/uploads\/2021\/08\/Image-2-1.jpg\" class=\"elementor-animation-shrink attachment-full size-full wp-image-53\" alt=\"\" srcset=\"https:\/\/www.helmakabira.com\/wp-content\/uploads\/2021\/08\/Image-2-1.jpg 450w, https:\/\/www.helmakabira.com\/wp-content\/uploads\/2021\/08\/Image-2-1-300x300.jpg 300w, https:\/\/www.helmakabira.com\/wp-content\/uploads\/2021\/08\/Image-2-1-100x100.jpg 100w\" sizes=\"auto, (max-width: 450px) 100vw, 450px\" \/>\t\t\t\t\t\t\t\t\t\t\t\t\t\t\t<\/div>\n\t\t\t\t<div class=\"elementor-element elementor-element-c30c1ba elementor-widget elementor-widget-heading\" data-id=\"c30c1ba\" data-element_type=\"widget\" data-e-type=\"widget\" data-widget_type=\"heading.default\">\n\t\t\t\t\t<h2 class=\"elementor-heading-title elementor-size-default\">Jennifer Jopaz<\/h2>\t\t\t\t<\/div>\n\t\t\t\t<div class=\"elementor-element elementor-element-3fd8401 elementor-widget elementor-widget-text-editor\" data-id=\"3fd8401\" data-element_type=\"widget\" data-e-type=\"widget\" data-widget_type=\"text-editor.default\">\n\t\t\t\t\t\t\t\t\tDonec pede in justo, fringilla vel aliquet nec et eget ar In enim justo rhoncus.Quam felis ultricies nec, pellentesq\npretium quissem. Nulla tellus consequat.\t\t\t\t\t\t\t\t<\/div>\n\t\t\t\t\t<\/div>\n\t\t<\/div>\n\t\t\t\t\t<\/div>\n\t\t<\/section>\n\t\t\t\t\t<\/div>\n\t\t<\/div>\n\t\t\t\t\t<\/div>\n\t\t<\/section>\n\t\t\t\t<\/div>\n\t\t","protected":false},"excerpt":{"rendered":"<p>\u00a0Est bien plus qu\u2019une marque de v\u00eatements.C\u2019est une vision, une attitude et une mani\u00e8re d\u2019exprimer ses ambitions. N\u00e9e d\u2019une passion pour la culture urbaine et&#8230;<\/p>\n","protected":false},"author":1,"featured_media":0,"parent":0,"menu_order":0,"comment_status":"closed","ping_status":"closed","template":"","meta":{"footnotes":""},"class_list":["post-28","page","type-page","status-publish","hentry"],"_links":{"self":[{"href":"https:\/\/www.helmakabira.com\/index.php?rest_route=\/wp\/v2\/pages\/28","targetHints":{"allow":["GET"]}}],"collection":[{"href":"https:\/\/www.helmakabira.com\/index.php?rest_route=\/wp\/v2\/pages"}],"about":[{"href":"https:\/\/www.helmakabira.com\/index.php?rest_route=\/wp\/v2\/types\/page"}],"author":[{"embeddable":true,"href":"https:\/\/www.helmakabira.com\/index.php?rest_route=\/wp\/v2\/users\/1"}],"replies":[{"embeddable":true,"href":"https:\/\/www.helmakabira.com\/index.php?rest_route=%2Fwp%2Fv2%2Fcomments&post=28"}],"version-history":[{"count":63,"href":"https:\/\/www.helmakabira.com\/index.php?rest_route=\/wp\/v2\/pages\/28\/revisions"}],"predecessor-version":[{"id":1775,"href":"https:\/\/www.helmakabira.com\/index.php?rest_route=\/wp\/v2\/pages\/28\/revisions\/1775"}],"wp:attachment":[{"href":"https:\/\/www.helmakabira.com\/index.php?rest_route=%2Fwp%2Fv2%2Fmedia&parent=28"}],"curies":[{"name":"wp","href":"https:\/\/api.w.org\/{rel}","templated":true}]}}